{"id":1890,"date":"2023-04-20T07:36:33","date_gmt":"2023-04-20T07:36:33","guid":{"rendered":"https:\/\/lamatajardiners.cat\/online\/nuestras-cajas\/"},"modified":"2023-04-25T08:56:01","modified_gmt":"2023-04-25T08:56:01","slug":"nuestras-cajas","status":"publish","type":"page","link":"https:\/\/lamatajardiners.cat\/es\/online\/nuestras-cajas\/","title":{"rendered":"Nuestras cajas"},"content":{"rendered":"\t\t<div data-elementor-type=\"wp-page\" data-elementor-id=\"1890\" class=\"elementor elementor-1890 elementor-1476\" data-elementor-post-type=\"page\">\n\t\t\t\t\t\t\t\t\t<section class=\"elementor-section elementor-top-section elementor-element elementor-element-47ef570 elementor-section-full_width elementor-section-height-default elementor-section-height-default\" data-id=\"47ef570\" data-element_type=\"section\">\n\t\t\t\t\t\t<div class=\"elementor-container elementor-column-gap-default\">\n\t\t\t\t\t<div class=\"elementor-column elementor-col-100 elementor-top-column elementor-element elementor-element-7cd7e56\" data-id=\"7cd7e56\" data-element_type=\"column\">\n\t\t\t<div class=\"elementor-widget-wrap elementor-element-populated\">\n\t\t\t\t\t\t\t\t<div class=\"elementor-element elementor-element-fe4e092 elementor-widget elementor-widget-heading\" data-id=\"fe4e092\" data-element_type=\"widget\" data-widget_type=\"heading.default\">\n\t\t\t\t<div class=\"elementor-widget-container\">\n\t\t\t<style>\/*! elementor - v3.15.0 - 20-08-2023 *\/\n.elementor-heading-title{padding:0;margin:0;line-height:1}.elementor-widget-heading .elementor-heading-title[class*=elementor-size-]>a{color:inherit;font-size:inherit;line-height:inherit}.elementor-widget-heading .elementor-heading-title.elementor-size-small{font-size:15px}.elementor-widget-heading .elementor-heading-title.elementor-size-medium{font-size:19px}.elementor-widget-heading .elementor-heading-title.elementor-size-large{font-size:29px}.elementor-widget-heading .elementor-heading-title.elementor-size-xl{font-size:39px}.elementor-widget-heading .elementor-heading-title.elementor-size-xxl{font-size:59px}<\/style><h1 class=\"elementor-heading-title elementor-size-default\">Nuestras cajas<\/h1>\t\t<\/div>\n\t\t\t\t<\/div>\n\t\t\t\t\t<\/div>\n\t\t<\/div>\n\t\t\t\t\t\t\t<\/div>\n\t\t<\/section>\n\t\t\t\t<section class=\"elementor-section elementor-top-section elementor-element elementor-element-5bd0838 elementor-section-full_width elementor-section-height-default elementor-section-height-default\" data-id=\"5bd0838\" data-element_type=\"section\">\n\t\t\t\t\t\t<div class=\"elementor-container elementor-column-gap-default\">\n\t\t\t\t\t<div class=\"elementor-column elementor-col-100 elementor-top-column elementor-element elementor-element-b698b9f\" data-id=\"b698b9f\" data-element_type=\"column\">\n\t\t\t<div class=\"elementor-widget-wrap elementor-element-populated\">\n\t\t\t\t\t\t\t\t<div class=\"elementor-element elementor-element-79c3655 elementor-widget elementor-widget-text-editor\" data-id=\"79c3655\" data-element_type=\"widget\" data-widget_type=\"text-editor.default\">\n\t\t\t\t<div class=\"elementor-widget-container\">\n\t\t\t<style>\/*! elementor - v3.15.0 - 20-08-2023 *\/\n.elementor-widget-text-editor.elementor-drop-cap-view-stacked .elementor-drop-cap{background-color:#69727d;color:#fff}.elementor-widget-text-editor.elementor-drop-cap-view-framed .elementor-drop-cap{color:#69727d;border:3px solid;background-color:transparent}.elementor-widget-text-editor:not(.elementor-drop-cap-view-default) .elementor-drop-cap{margin-top:8px}.elementor-widget-text-editor:not(.elementor-drop-cap-view-default) .elementor-drop-cap-letter{width:1em;height:1em}.elementor-widget-text-editor .elementor-drop-cap{float:left;text-align:center;line-height:1;font-size:50px}.elementor-widget-text-editor .elementor-drop-cap-letter{display:inline-block}<\/style>\t\t\t\t<p>Cajas con flor variada de temporada. Hay dos tama\u00f1os diferentes: el peque\u00f1o y el grande. Con un precio de 60 y 80 euros, respectivamente. Aqu\u00ed teneis unas muestras.<\/p>\n\t\t\t\t\t\t<\/div>\n\t\t\t\t<\/div>\n\t\t\t\t<div class=\"elementor-element elementor-element-b056504 elementor-widget elementor-widget-spacer\" data-id=\"b056504\" data-element_type=\"widget\" data-widget_type=\"spacer.default\">\n\t\t\t\t<div class=\"elementor-widget-container\">\n\t\t\t<style>\/*! elementor - v3.15.0 - 20-08-2023 *\/\n.elementor-column .elementor-spacer-inner{height:var(--spacer-size)}.e-con{--container-widget-width:100%}.e-con-inner>.elementor-widget-spacer,.e-con>.elementor-widget-spacer{width:var(--container-widget-width,var(--spacer-size));--align-self:var(--container-widget-align-self,initial);--flex-shrink:0}.e-con-inner>.elementor-widget-spacer>.elementor-widget-container,.e-con-inner>.elementor-widget-spacer>.elementor-widget-container>.elementor-spacer,.e-con>.elementor-widget-spacer>.elementor-widget-container,.e-con>.elementor-widget-spacer>.elementor-widget-container>.elementor-spacer{height:100%}.e-con-inner>.elementor-widget-spacer>.elementor-widget-container>.elementor-spacer>.elementor-spacer-inner,.e-con>.elementor-widget-spacer>.elementor-widget-container>.elementor-spacer>.elementor-spacer-inner{height:var(--container-widget-height,var(--spacer-size))}<\/style>\t\t<div class=\"elementor-spacer\">\n\t\t\t<div class=\"elementor-spacer-inner\"><\/div>\n\t\t<\/div>\n\t\t\t\t<\/div>\n\t\t\t\t<\/div>\n\t\t\t\t<div class=\"elementor-element elementor-element-bda45ee elementor-widget elementor-widget-spacer\" data-id=\"bda45ee\" data-element_type=\"widget\" data-widget_type=\"spacer.default\">\n\t\t\t\t<div class=\"elementor-widget-container\">\n\t\t\t\t\t<div class=\"elementor-spacer\">\n\t\t\t<div class=\"elementor-spacer-inner\"><\/div>\n\t\t<\/div>\n\t\t\t\t<\/div>\n\t\t\t\t<\/div>\n\t\t\t\t\t<\/div>\n\t\t<\/div>\n\t\t\t\t\t\t\t<\/div>\n\t\t<\/section>\n\t\t\t\t<section class=\"elementor-section elementor-top-section elementor-element elementor-element-7ac6cea elementor-section-full_width elementor-section-height-default elementor-section-height-default\" data-id=\"7ac6cea\" data-element_type=\"section\">\n\t\t\t\t\t\t<div class=\"elementor-container elementor-column-gap-default\">\n\t\t\t\t\t<div class=\"elementor-column elementor-col-100 elementor-top-column elementor-element elementor-element-352e1df\" data-id=\"352e1df\" data-element_type=\"column\">\n\t\t\t<div class=\"elementor-widget-wrap elementor-element-populated\">\n\t\t\t\t\t\t\t\t\t<\/div>\n\t\t<\/div>\n\t\t\t\t\t\t\t<\/div>\n\t\t<\/section>\n\t\t\t\t\t\t\t<\/div>\n\t\t","protected":false},"excerpt":{"rendered":"<p>Cajas con flor variada de temporada. Hay dos tama\u00f1os diferentes: el peque\u00f1o y el grande. Con un precio de 60 y 80 euros, respectivamente. Aqu\u00ed teneis unas muestras.<\/p>\n","protected":false},"author":2,"featured_media":0,"parent":1887,"menu_order":0,"comment_status":"closed","ping_status":"closed","template":"elementor_header_footer","meta":[],"yoast_head":"<!-- This site is optimized with the Yoast SEO plugin v20.13 - https:\/\/yoast.com\/wordpress\/plugins\/seo\/ -->\n<title>Nuestras cajas - La Mata Jardiners<\/title>\n<meta name=\"description\" content=\"Nuestras cajas de la Mata jardiners. Somos una cooperativa de florister\u00eda ubicada en la calle Argentona 20 de Matar\u00f3.\" \/>\n<meta name=\"robots\" content=\"index, follow, max-snippet:-1, max-image-preview:large, max-video-preview:-1\" \/>\n<link rel=\"canonical\" href=\"https:\/\/lamatajardiners.cat\/es\/online\/nuestras-cajas\/\" \/>\n<meta property=\"og:locale\" content=\"es_ES\" \/>\n<meta property=\"og:type\" content=\"article\" \/>\n<meta property=\"og:title\" content=\"Nuestras cajas - La Mata Jardiners\" \/>\n<meta property=\"og:description\" content=\"Nuestras cajas de la Mata jardiners. Somos una cooperativa de florister\u00eda ubicada en la calle Argentona 20 de Matar\u00f3.\" \/>\n<meta property=\"og:url\" content=\"https:\/\/lamatajardiners.cat\/es\/online\/nuestras-cajas\/\" \/>\n<meta property=\"og:site_name\" content=\"La Mata Jardiners\" \/>\n<meta property=\"article:modified_time\" content=\"2023-04-25T08:56:01+00:00\" \/>\n<meta name=\"twitter:card\" content=\"summary_large_image\" \/>\n<script type=\"application\/ld+json\" class=\"yoast-schema-graph\">{\"@context\":\"https:\/\/schema.org\",\"@graph\":[{\"@type\":\"WebPage\",\"@id\":\"https:\/\/lamatajardiners.cat\/es\/online\/nuestras-cajas\/\",\"url\":\"https:\/\/lamatajardiners.cat\/es\/online\/nuestras-cajas\/\",\"name\":\"Nuestras cajas - La Mata Jardiners\",\"isPartOf\":{\"@id\":\"https:\/\/lamatajardiners.cat\/es\/#website\"},\"datePublished\":\"2023-04-20T07:36:33+00:00\",\"dateModified\":\"2023-04-25T08:56:01+00:00\",\"description\":\"Nuestras cajas de la Mata jardiners. Somos una cooperativa de florister\u00eda ubicada en la calle Argentona 20 de Matar\u00f3.\",\"breadcrumb\":{\"@id\":\"https:\/\/lamatajardiners.cat\/es\/online\/nuestras-cajas\/#breadcrumb\"},\"inLanguage\":\"es\",\"potentialAction\":[{\"@type\":\"ReadAction\",\"target\":[\"https:\/\/lamatajardiners.cat\/es\/online\/nuestras-cajas\/\"]}]},{\"@type\":\"BreadcrumbList\",\"@id\":\"https:\/\/lamatajardiners.cat\/es\/online\/nuestras-cajas\/#breadcrumb\",\"itemListElement\":[{\"@type\":\"ListItem\",\"position\":1,\"name\":\"Inici\",\"item\":\"https:\/\/lamatajardiners.cat\/es\/\"},{\"@type\":\"ListItem\",\"position\":2,\"name\":\"Online\",\"item\":\"https:\/\/lamatajardiners.cat\/es\/online\/\"},{\"@type\":\"ListItem\",\"position\":3,\"name\":\"Nuestras cajas\"}]},{\"@type\":\"WebSite\",\"@id\":\"https:\/\/lamatajardiners.cat\/es\/#website\",\"url\":\"https:\/\/lamatajardiners.cat\/es\/\",\"name\":\"La Mata Jardiners\",\"description\":\"\",\"publisher\":{\"@id\":\"https:\/\/lamatajardiners.cat\/es\/#organization\"},\"potentialAction\":[{\"@type\":\"SearchAction\",\"target\":{\"@type\":\"EntryPoint\",\"urlTemplate\":\"https:\/\/lamatajardiners.cat\/es\/?s={search_term_string}\"},\"query-input\":\"required name=search_term_string\"}],\"inLanguage\":\"es\"},{\"@type\":\"Organization\",\"@id\":\"https:\/\/lamatajardiners.cat\/es\/#organization\",\"name\":\"La Mata Jardiners\",\"url\":\"https:\/\/lamatajardiners.cat\/es\/\",\"logo\":{\"@type\":\"ImageObject\",\"inLanguage\":\"es\",\"@id\":\"https:\/\/lamatajardiners.cat\/es\/#\/schema\/logo\/image\/\",\"url\":\"https:\/\/lamatajardiners.cat\/wp-content\/uploads\/2022\/06\/logogreen.png\",\"contentUrl\":\"https:\/\/lamatajardiners.cat\/wp-content\/uploads\/2022\/06\/logogreen.png\",\"width\":709,\"height\":166,\"caption\":\"La Mata Jardiners\"},\"image\":{\"@id\":\"https:\/\/lamatajardiners.cat\/es\/#\/schema\/logo\/image\/\"},\"sameAs\":[\"https:\/\/instagram.com\/floristeria_la_mata_jardiners\"]}]}<\/script>\n<!-- \/ Yoast SEO plugin. -->","yoast_head_json":{"title":"Nuestras cajas - La Mata Jardiners","description":"Nuestras cajas de la Mata jardiners. Somos una cooperativa de florister\u00eda ubicada en la calle Argentona 20 de Matar\u00f3.","robots":{"index":"index","follow":"follow","max-snippet":"max-snippet:-1","max-image-preview":"max-image-preview:large","max-video-preview":"max-video-preview:-1"},"canonical":"https:\/\/lamatajardiners.cat\/es\/online\/nuestras-cajas\/","og_locale":"es_ES","og_type":"article","og_title":"Nuestras cajas - La Mata Jardiners","og_description":"Nuestras cajas de la Mata jardiners. Somos una cooperativa de florister\u00eda ubicada en la calle Argentona 20 de Matar\u00f3.","og_url":"https:\/\/lamatajardiners.cat\/es\/online\/nuestras-cajas\/","og_site_name":"La Mata Jardiners","article_modified_time":"2023-04-25T08:56:01+00:00","twitter_card":"summary_large_image","schema":{"@context":"https:\/\/schema.org","@graph":[{"@type":"WebPage","@id":"https:\/\/lamatajardiners.cat\/es\/online\/nuestras-cajas\/","url":"https:\/\/lamatajardiners.cat\/es\/online\/nuestras-cajas\/","name":"Nuestras cajas - La Mata Jardiners","isPartOf":{"@id":"https:\/\/lamatajardiners.cat\/es\/#website"},"datePublished":"2023-04-20T07:36:33+00:00","dateModified":"2023-04-25T08:56:01+00:00","description":"Nuestras cajas de la Mata jardiners. Somos una cooperativa de florister\u00eda ubicada en la calle Argentona 20 de Matar\u00f3.","breadcrumb":{"@id":"https:\/\/lamatajardiners.cat\/es\/online\/nuestras-cajas\/#breadcrumb"},"inLanguage":"es","potentialAction":[{"@type":"ReadAction","target":["https:\/\/lamatajardiners.cat\/es\/online\/nuestras-cajas\/"]}]},{"@type":"BreadcrumbList","@id":"https:\/\/lamatajardiners.cat\/es\/online\/nuestras-cajas\/#breadcrumb","itemListElement":[{"@type":"ListItem","position":1,"name":"Inici","item":"https:\/\/lamatajardiners.cat\/es\/"},{"@type":"ListItem","position":2,"name":"Online","item":"https:\/\/lamatajardiners.cat\/es\/online\/"},{"@type":"ListItem","position":3,"name":"Nuestras cajas"}]},{"@type":"WebSite","@id":"https:\/\/lamatajardiners.cat\/es\/#website","url":"https:\/\/lamatajardiners.cat\/es\/","name":"La Mata Jardiners","description":"","publisher":{"@id":"https:\/\/lamatajardiners.cat\/es\/#organization"},"potentialAction":[{"@type":"SearchAction","target":{"@type":"EntryPoint","urlTemplate":"https:\/\/lamatajardiners.cat\/es\/?s={search_term_string}"},"query-input":"required name=search_term_string"}],"inLanguage":"es"},{"@type":"Organization","@id":"https:\/\/lamatajardiners.cat\/es\/#organization","name":"La Mata Jardiners","url":"https:\/\/lamatajardiners.cat\/es\/","logo":{"@type":"ImageObject","inLanguage":"es","@id":"https:\/\/lamatajardiners.cat\/es\/#\/schema\/logo\/image\/","url":"https:\/\/lamatajardiners.cat\/wp-content\/uploads\/2022\/06\/logogreen.png","contentUrl":"https:\/\/lamatajardiners.cat\/wp-content\/uploads\/2022\/06\/logogreen.png","width":709,"height":166,"caption":"La Mata Jardiners"},"image":{"@id":"https:\/\/lamatajardiners.cat\/es\/#\/schema\/logo\/image\/"},"sameAs":["https:\/\/instagram.com\/floristeria_la_mata_jardiners"]}]}},"_links":{"self":[{"href":"https:\/\/lamatajardiners.cat\/es\/wp-json\/wp\/v2\/pages\/1890"}],"collection":[{"href":"https:\/\/lamatajardiners.cat\/es\/wp-json\/wp\/v2\/pages"}],"about":[{"href":"https:\/\/lamatajardiners.cat\/es\/wp-json\/wp\/v2\/types\/page"}],"author":[{"embeddable":true,"href":"https:\/\/lamatajardiners.cat\/es\/wp-json\/wp\/v2\/users\/2"}],"replies":[{"embeddable":true,"href":"https:\/\/lamatajardiners.cat\/es\/wp-json\/wp\/v2\/comments?post=1890"}],"version-history":[{"count":2,"href":"https:\/\/lamatajardiners.cat\/es\/wp-json\/wp\/v2\/pages\/1890\/revisions"}],"predecessor-version":[{"id":1893,"href":"https:\/\/lamatajardiners.cat\/es\/wp-json\/wp\/v2\/pages\/1890\/revisions\/1893"}],"up":[{"embeddable":true,"href":"https:\/\/lamatajardiners.cat\/es\/wp-json\/wp\/v2\/pages\/1887"}],"wp:attachment":[{"href":"https:\/\/lamatajardiners.cat\/es\/wp-json\/wp\/v2\/media?parent=1890"}],"curies":[{"name":"wp","href":"https:\/\/api.w.org\/{rel}","templated":true}]}}