{"id":1869,"date":"2022-06-02T09:33:41","date_gmt":"2022-06-02T09:33:41","guid":{"rendered":"https:\/\/lamatajardiners.cat\/arte-floral\/"},"modified":"2023-04-25T10:28:39","modified_gmt":"2023-04-25T10:28:39","slug":"arte-floral","status":"publish","type":"page","link":"https:\/\/lamatajardiners.cat\/es\/arte-floral\/","title":{"rendered":"Arte floral"},"content":{"rendered":"\t\t<div data-elementor-type=\"wp-page\" data-elementor-id=\"1869\" class=\"elementor elementor-1869 elementor-533\" data-elementor-post-type=\"page\">\n\t\t\t\t\t\t\t\t\t<section class=\"elementor-section elementor-top-section elementor-element elementor-element-47ef570 elementor-section-full_width elementor-section-height-default elementor-section-height-default\" data-id=\"47ef570\" data-element_type=\"section\">\n\t\t\t\t\t\t<div class=\"elementor-container elementor-column-gap-default\">\n\t\t\t\t\t<div class=\"elementor-column elementor-col-100 elementor-top-column elementor-element elementor-element-7cd7e56\" data-id=\"7cd7e56\" data-element_type=\"column\">\n\t\t\t<div class=\"elementor-widget-wrap elementor-element-populated\">\n\t\t\t\t\t\t\t\t<div class=\"elementor-element elementor-element-fe4e092 elementor-widget elementor-widget-heading\" data-id=\"fe4e092\" data-element_type=\"widget\" data-widget_type=\"heading.default\">\n\t\t\t\t<div class=\"elementor-widget-container\">\n\t\t\t<style>\/*! elementor - v3.15.0 - 20-08-2023 *\/\n.elementor-heading-title{padding:0;margin:0;line-height:1}.elementor-widget-heading .elementor-heading-title[class*=elementor-size-]>a{color:inherit;font-size:inherit;line-height:inherit}.elementor-widget-heading .elementor-heading-title.elementor-size-small{font-size:15px}.elementor-widget-heading .elementor-heading-title.elementor-size-medium{font-size:19px}.elementor-widget-heading .elementor-heading-title.elementor-size-large{font-size:29px}.elementor-widget-heading .elementor-heading-title.elementor-size-xl{font-size:39px}.elementor-widget-heading .elementor-heading-title.elementor-size-xxl{font-size:59px}<\/style><h1 class=\"elementor-heading-title elementor-size-default\">Arte floral<\/h1>\t\t<\/div>\n\t\t\t\t<\/div>\n\t\t\t\t\t<\/div>\n\t\t<\/div>\n\t\t\t\t\t\t\t<\/div>\n\t\t<\/section>\n\t\t\t\t<section class=\"elementor-section elementor-top-section elementor-element elementor-element-5bd0838 elementor-section-full_width elementor-hidden-desktop elementor-hidden-tablet elementor-hidden-mobile elementor-section-height-default elementor-section-height-default\" data-id=\"5bd0838\" data-element_type=\"section\">\n\t\t\t\t\t\t<div class=\"elementor-container elementor-column-gap-default\">\n\t\t\t\t\t<div class=\"elementor-column elementor-col-33 elementor-top-column elementor-element elementor-element-10c7cf6\" data-id=\"10c7cf6\" data-element_type=\"column\">\n\t\t\t<div class=\"elementor-widget-wrap elementor-element-populated\">\n\t\t\t\t\t\t\t\t<div class=\"elementor-element elementor-element-23f7c2e elementor-widget elementor-widget-text-editor\" data-id=\"23f7c2e\" data-element_type=\"widget\" data-widget_type=\"text-editor.default\">\n\t\t\t\t<div class=\"elementor-widget-container\">\n\t\t\t<style>\/*! elementor - v3.15.0 - 20-08-2023 *\/\n.elementor-widget-text-editor.elementor-drop-cap-view-stacked .elementor-drop-cap{background-color:#69727d;color:#fff}.elementor-widget-text-editor.elementor-drop-cap-view-framed .elementor-drop-cap{color:#69727d;border:3px solid;background-color:transparent}.elementor-widget-text-editor:not(.elementor-drop-cap-view-default) .elementor-drop-cap{margin-top:8px}.elementor-widget-text-editor:not(.elementor-drop-cap-view-default) .elementor-drop-cap-letter{width:1em;height:1em}.elementor-widget-text-editor .elementor-drop-cap{float:left;text-align:center;line-height:1;font-size:50px}.elementor-widget-text-editor .elementor-drop-cap-letter{display:inline-block}<\/style>\t\t\t\t<h2>Montajes ef\u00edmeros<\/h2>\n<\/p>\n<p>Dise\u00f1o y montajes de prendas divertidas para celebraciones.<\/p>\n<p>Dise\u00f1o y montaje de piezas para adornar escaparates, espacios de disfrute, decoraciones&#8230;..<\/p>\n<p>Dise\u00f1o y montajes de prendas divertidas para celebraciones.<\/p>\n\t\t\t\t\t\t<\/div>\n\t\t\t\t<\/div>\n\t\t\t\t\t<\/div>\n\t\t<\/div>\n\t\t\t\t<div class=\"elementor-column elementor-col-66 elementor-top-column elementor-element elementor-element-b698b9f\" data-id=\"b698b9f\" data-element_type=\"column\">\n\t\t\t<div class=\"elementor-widget-wrap elementor-element-populated\">\n\t\t\t\t\t\t\t\t<div class=\"elementor-element elementor-element-79c3655 elementor-widget elementor-widget-text-editor\" data-id=\"79c3655\" data-element_type=\"widget\" data-widget_type=\"text-editor.default\">\n\t\t\t\t<div class=\"elementor-widget-container\">\n\t\t\t\t\t\t\t<h2>Florister\u00eda Nupcial<\/h2>\n<\/p>\n<p>Dise\u00f1os exclusivos de: ramos de novia, decoraciones de veh\u00edculos, adornos de viviendas, iglesias y espacios de celebraci\u00f3n. <\/p><\/p>\n\t\t\t\t\t\t<\/div>\n\t\t\t\t<\/div>\n\t\t\t\t<div class=\"elementor-element elementor-element-bda45ee elementor-widget elementor-widget-spacer\" data-id=\"bda45ee\" data-element_type=\"widget\" data-widget_type=\"spacer.default\">\n\t\t\t\t<div class=\"elementor-widget-container\">\n\t\t\t<style>\/*! elementor - v3.15.0 - 20-08-2023 *\/\n.elementor-column .elementor-spacer-inner{height:var(--spacer-size)}.e-con{--container-widget-width:100%}.e-con-inner>.elementor-widget-spacer,.e-con>.elementor-widget-spacer{width:var(--container-widget-width,var(--spacer-size));--align-self:var(--container-widget-align-self,initial);--flex-shrink:0}.e-con-inner>.elementor-widget-spacer>.elementor-widget-container,.e-con-inner>.elementor-widget-spacer>.elementor-widget-container>.elementor-spacer,.e-con>.elementor-widget-spacer>.elementor-widget-container,.e-con>.elementor-widget-spacer>.elementor-widget-container>.elementor-spacer{height:100%}.e-con-inner>.elementor-widget-spacer>.elementor-widget-container>.elementor-spacer>.elementor-spacer-inner,.e-con>.elementor-widget-spacer>.elementor-widget-container>.elementor-spacer>.elementor-spacer-inner{height:var(--container-widget-height,var(--spacer-size))}<\/style>\t\t<div class=\"elementor-spacer\">\n\t\t\t<div class=\"elementor-spacer-inner\"><\/div>\n\t\t<\/div>\n\t\t\t\t<\/div>\n\t\t\t\t<\/div>\n\t\t\t\t<div class=\"elementor-element elementor-element-8a37f3e elementor-widget elementor-widget-spacer\" data-id=\"8a37f3e\" data-element_type=\"widget\" data-widget_type=\"spacer.default\">\n\t\t\t\t<div class=\"elementor-widget-container\">\n\t\t\t\t\t<div class=\"elementor-spacer\">\n\t\t\t<div class=\"elementor-spacer-inner\"><\/div>\n\t\t<\/div>\n\t\t\t\t<\/div>\n\t\t\t\t<\/div>\n\t\t\t\t\t<\/div>\n\t\t<\/div>\n\t\t\t\t\t\t\t<\/div>\n\t\t<\/section>\n\t\t\t\t<section class=\"elementor-section elementor-top-section elementor-element elementor-element-ae877fd elementor-section-full_width elementor-section-height-min-height elementor-section-items-bottom elementor-section-content-middle elementor-section-height-default\" data-id=\"ae877fd\" data-element_type=\"section\">\n\t\t\t\t\t\t<div class=\"elementor-container elementor-column-gap-default\">\n\t\t\t\t\t<div class=\"elementor-column elementor-col-50 elementor-top-column elementor-element elementor-element-00c49ea elementor-invisible\" data-id=\"00c49ea\" data-element_type=\"column\" data-settings=\"{&quot;background_background&quot;:&quot;classic&quot;,&quot;animation&quot;:&quot;fadeInLeft&quot;}\">\n\t\t\t<div class=\"elementor-widget-wrap elementor-element-populated\">\n\t\t\t\t\t\t\t\t<div class=\"elementor-element elementor-element-d15e340 elementor-position-top elementor-widget elementor-widget-image-box\" data-id=\"d15e340\" data-element_type=\"widget\" data-widget_type=\"image-box.default\">\n\t\t\t\t<div class=\"elementor-widget-container\">\n\t\t\t<style>.elementor-widget-image-box .elementor-image-box-content{width:100%}@media (min-width:601px){.elementor-widget-image-box.elementor-position-left .elementor-image-box-wrapper,.elementor-widget-image-box.elementor-position-right .elementor-image-box-wrapper{display:flex}.elementor-widget-image-box.elementor-position-right .elementor-image-box-wrapper{text-align:right;flex-direction:row-reverse}.elementor-widget-image-box.elementor-position-left .elementor-image-box-wrapper{text-align:left;flex-direction:row}.elementor-widget-image-box.elementor-position-top .elementor-image-box-img{margin:auto}.elementor-widget-image-box.elementor-vertical-align-top .elementor-image-box-wrapper{align-items:flex-start}.elementor-widget-image-box.elementor-vertical-align-middle .elementor-image-box-wrapper{align-items:center}.elementor-widget-image-box.elementor-vertical-align-bottom .elementor-image-box-wrapper{align-items:flex-end}}@media (max-width:600px){.elementor-widget-image-box .elementor-image-box-img{margin-left:auto!important;margin-right:auto!important;margin-bottom:15px}}.elementor-widget-image-box .elementor-image-box-img{display:inline-block}.elementor-widget-image-box .elementor-image-box-title a{color:inherit}.elementor-widget-image-box .elementor-image-box-wrapper{text-align:center}.elementor-widget-image-box .elementor-image-box-description{margin:0}<\/style><div class=\"elementor-image-box-wrapper\"><figure class=\"elementor-image-box-img\"><a href=\"https:\/\/lamatajardiners.cat\/es\/arte-floral\/piezas-unicas\/\"><img decoding=\"async\" width=\"750\" height=\"713\" src=\"https:\/\/lamatajardiners.cat\/wp-content\/uploads\/2022\/07\/composicions_florals.jpg\" class=\"attachment-full size-full wp-image-894\" alt=\"\" loading=\"lazy\" srcset=\"https:\/\/lamatajardiners.cat\/wp-content\/uploads\/2022\/07\/composicions_florals.jpg 750w, https:\/\/lamatajardiners.cat\/wp-content\/uploads\/2022\/07\/composicions_florals-300x285.jpg 300w, https:\/\/lamatajardiners.cat\/wp-content\/uploads\/2022\/07\/composicions_florals-600x570.jpg 600w\" sizes=\"(max-width: 750px) 100vw, 750px\" \/><\/a><\/figure><div class=\"elementor-image-box-content\"><p class=\"elementor-image-box-title\"><a href=\"https:\/\/lamatajardiners.cat\/es\/arte-floral\/piezas-unicas\/\">Composiciones florales \/ Piezas \u00fanicas<\/a><\/p><\/div><\/div>\t\t<\/div>\n\t\t\t\t<\/div>\n\t\t\t\t\t<\/div>\n\t\t<\/div>\n\t\t\t\t<div class=\"elementor-column elementor-col-50 elementor-top-column elementor-element elementor-element-83e45da elementor-invisible\" data-id=\"83e45da\" data-element_type=\"column\" data-settings=\"{&quot;background_background&quot;:&quot;classic&quot;,&quot;animation&quot;:&quot;fadeInLeft&quot;}\">\n\t\t\t<div class=\"elementor-widget-wrap elementor-element-populated\">\n\t\t\t\t\t\t\t\t<div class=\"elementor-element elementor-element-e8a8d87 elementor-position-top elementor-widget elementor-widget-image-box\" data-id=\"e8a8d87\" data-element_type=\"widget\" data-widget_type=\"image-box.default\">\n\t\t\t\t<div class=\"elementor-widget-container\">\n\t\t\t<div class=\"elementor-image-box-wrapper\"><figure class=\"elementor-image-box-img\"><a href=\"https:\/\/lamatajardiners.cat\/es\/arte-floral\/espacios-de-celebracion\/\"><img decoding=\"async\" width=\"768\" height=\"940\" src=\"https:\/\/lamatajardiners.cat\/wp-content\/uploads\/2022\/07\/espais_celebracio.jpg\" class=\"attachment-full size-full wp-image-896\" alt=\"\" loading=\"lazy\" srcset=\"https:\/\/lamatajardiners.cat\/wp-content\/uploads\/2022\/07\/espais_celebracio.jpg 768w, https:\/\/lamatajardiners.cat\/wp-content\/uploads\/2022\/07\/espais_celebracio-245x300.jpg 245w, https:\/\/lamatajardiners.cat\/wp-content\/uploads\/2022\/07\/espais_celebracio-600x734.jpg 600w\" sizes=\"(max-width: 768px) 100vw, 768px\" \/><\/a><\/figure><div class=\"elementor-image-box-content\"><p class=\"elementor-image-box-title\"><a href=\"https:\/\/lamatajardiners.cat\/es\/arte-floral\/espacios-de-celebracion\/\">Espacios de celebraci\u00f3n<\/a><\/p><\/div><\/div>\t\t<\/div>\n\t\t\t\t<\/div>\n\t\t\t\t\t<\/div>\n\t\t<\/div>\n\t\t\t\t\t\t\t<\/div>\n\t\t<\/section>\n\t\t\t\t<section class=\"elementor-section elementor-top-section elementor-element elementor-element-fd89fc3 elementor-section-full_width elementor-section-content-bottom elementor-section-height-default elementor-section-height-default\" data-id=\"fd89fc3\" data-element_type=\"section\">\n\t\t\t\t\t\t<div class=\"elementor-container elementor-column-gap-default\">\n\t\t\t\t\t<div class=\"elementor-column elementor-col-50 elementor-top-column elementor-element elementor-element-cac9b80 elementor-invisible\" data-id=\"cac9b80\" data-element_type=\"column\" data-settings=\"{&quot;background_background&quot;:&quot;classic&quot;,&quot;animation&quot;:&quot;fadeInLeft&quot;}\">\n\t\t\t<div class=\"elementor-widget-wrap elementor-element-populated\">\n\t\t\t\t\t\t\t\t<section class=\"elementor-section elementor-inner-section elementor-element elementor-element-5aa34a9 elementor-section-full_width elementor-section-height-default elementor-section-height-default\" data-id=\"5aa34a9\" data-element_type=\"section\">\n\t\t\t\t\t\t<div class=\"elementor-container elementor-column-gap-default\">\n\t\t\t\t\t<div class=\"elementor-column elementor-col-100 elementor-inner-column elementor-element elementor-element-fa4a2d8 elementor-invisible\" data-id=\"fa4a2d8\" data-element_type=\"column\" data-settings=\"{&quot;background_background&quot;:&quot;classic&quot;,&quot;animation&quot;:&quot;fadeInLeft&quot;}\">\n\t\t\t<div class=\"elementor-widget-wrap elementor-element-populated\">\n\t\t\t\t\t\t\t\t<div class=\"elementor-element elementor-element-9e42059 elementor-position-top elementor-widget elementor-widget-image-box\" data-id=\"9e42059\" data-element_type=\"widget\" data-widget_type=\"image-box.default\">\n\t\t\t\t<div class=\"elementor-widget-container\">\n\t\t\t<div class=\"elementor-image-box-wrapper\"><figure class=\"elementor-image-box-img\"><a href=\"https:\/\/lamatajardiners.cat\/es\/arte-floral\/decoraciones\/\"><img decoding=\"async\" width=\"576\" height=\"768\" src=\"https:\/\/lamatajardiners.cat\/wp-content\/uploads\/2023\/03\/decoracions_5.jpeg\" class=\"attachment-full size-full wp-image-1232\" alt=\"\" loading=\"lazy\" srcset=\"https:\/\/lamatajardiners.cat\/wp-content\/uploads\/2023\/03\/decoracions_5.jpeg 576w, https:\/\/lamatajardiners.cat\/wp-content\/uploads\/2023\/03\/decoracions_5-225x300.jpeg 225w\" sizes=\"(max-width: 576px) 100vw, 576px\" \/><\/a><\/figure><div class=\"elementor-image-box-content\"><p class=\"elementor-image-box-title\"><a href=\"https:\/\/lamatajardiners.cat\/es\/arte-floral\/decoraciones\/\">Decoraciones y <br>Montajes ef\u00edmeros<\/a><\/p><\/div><\/div>\t\t<\/div>\n\t\t\t\t<\/div>\n\t\t\t\t\t<\/div>\n\t\t<\/div>\n\t\t\t\t\t\t\t<\/div>\n\t\t<\/section>\n\t\t\t\t\t<\/div>\n\t\t<\/div>\n\t\t\t\t<div class=\"elementor-column elementor-col-50 elementor-top-column elementor-element elementor-element-3a81a38 elementor-invisible\" data-id=\"3a81a38\" data-element_type=\"column\" data-settings=\"{&quot;background_background&quot;:&quot;classic&quot;,&quot;animation&quot;:&quot;fadeInLeft&quot;}\">\n\t\t\t<div class=\"elementor-widget-wrap elementor-element-populated\">\n\t\t\t\t\t\t\t\t<div class=\"elementor-element elementor-element-d79bf3f elementor-position-top elementor-widget elementor-widget-image-box\" data-id=\"d79bf3f\" data-element_type=\"widget\" data-widget_type=\"image-box.default\">\n\t\t\t\t<div class=\"elementor-widget-container\">\n\t\t\t<div class=\"elementor-image-box-wrapper\"><figure class=\"elementor-image-box-img\"><a href=\"https:\/\/lamatajardiners.cat\/es\/novias\/\"><img decoding=\"async\" width=\"750\" height=\"830\" src=\"https:\/\/lamatajardiners.cat\/wp-content\/uploads\/2022\/07\/nuvies.jpg\" class=\"attachment-full size-full wp-image-898\" alt=\"\" loading=\"lazy\" srcset=\"https:\/\/lamatajardiners.cat\/wp-content\/uploads\/2022\/07\/nuvies.jpg 750w, https:\/\/lamatajardiners.cat\/wp-content\/uploads\/2022\/07\/nuvies-271x300.jpg 271w, https:\/\/lamatajardiners.cat\/wp-content\/uploads\/2022\/07\/nuvies-600x664.jpg 600w\" sizes=\"(max-width: 750px) 100vw, 750px\" \/><\/a><\/figure><div class=\"elementor-image-box-content\"><p class=\"elementor-image-box-title\"><a href=\"https:\/\/lamatajardiners.cat\/es\/novias\/\">Novias<\/a><\/p><p class=\"elementor-image-box-description\">\n<\/p><\/div><\/div>\t\t<\/div>\n\t\t\t\t<\/div>\n\t\t\t\t\t<\/div>\n\t\t<\/div>\n\t\t\t\t\t\t\t<\/div>\n\t\t<\/section>\n\t\t\t\t\t\t\t<\/div>\n\t\t","protected":false},"excerpt":{"rendered":"<p>Arte floral Montajes ef\u00edmeros Dise\u00f1o y montajes de prendas divertidas para celebraciones. Dise\u00f1o y montaje de piezas para adornar escaparates, espacios de disfrute, decoraciones&#8230;.. Dise\u00f1o y montajes de prendas divertidas para celebraciones. Florister\u00eda Nupcial Dise\u00f1os exclusivos de: ramos de novia, decoraciones de veh\u00edculos, adornos de viviendas, iglesias y espacios de celebraci\u00f3n. Composiciones florales \/ Piezas [&hellip;]<\/p>\n","protected":false},"author":1,"featured_media":0,"parent":0,"menu_order":0,"comment_status":"closed","ping_status":"closed","template":"elementor_header_footer","meta":[],"yoast_head":"<!-- This site is optimized with the Yoast SEO plugin v20.13 - https:\/\/yoast.com\/wordpress\/plugins\/seo\/ -->\n<title>Arte floral - La Mata Jardiners<\/title>\n<meta name=\"description\" content=\"Arte floral de la Mata Jardiners. Somos una cooperativa de florister\u00eda situada en la calle Argentona 20 de Matar\u00f3.\" \/>\n<meta name=\"robots\" content=\"index, follow, max-snippet:-1, max-image-preview:large, max-video-preview:-1\" \/>\n<link rel=\"canonical\" href=\"https:\/\/lamatajardiners.cat\/es\/arte-floral\/\" \/>\n<meta property=\"og:locale\" content=\"es_ES\" \/>\n<meta property=\"og:type\" content=\"article\" \/>\n<meta property=\"og:title\" content=\"Arte floral - La Mata Jardiners\" \/>\n<meta property=\"og:description\" content=\"Arte floral de la Mata Jardiners. Somos una cooperativa de florister\u00eda situada en la calle Argentona 20 de Matar\u00f3.\" \/>\n<meta property=\"og:url\" content=\"https:\/\/lamatajardiners.cat\/es\/arte-floral\/\" \/>\n<meta property=\"og:site_name\" content=\"La Mata Jardiners\" \/>\n<meta property=\"article:modified_time\" content=\"2023-04-25T10:28:39+00:00\" \/>\n<meta property=\"og:image\" content=\"https:\/\/lamatajardiners.cat\/wp-content\/uploads\/2022\/07\/composicions_florals.jpg\" \/>\n<meta name=\"twitter:card\" content=\"summary_large_image\" \/>\n<meta name=\"twitter:label1\" content=\"Tiempo de lectura\" \/>\n\t<meta name=\"twitter:data1\" content=\"2 minutos\" \/>\n<script type=\"application\/ld+json\" class=\"yoast-schema-graph\">{\"@context\":\"https:\/\/schema.org\",\"@graph\":[{\"@type\":\"WebPage\",\"@id\":\"https:\/\/lamatajardiners.cat\/es\/arte-floral\/\",\"url\":\"https:\/\/lamatajardiners.cat\/es\/arte-floral\/\",\"name\":\"Arte floral - La Mata Jardiners\",\"isPartOf\":{\"@id\":\"https:\/\/lamatajardiners.cat\/es\/#website\"},\"datePublished\":\"2022-06-02T09:33:41+00:00\",\"dateModified\":\"2023-04-25T10:28:39+00:00\",\"description\":\"Arte floral de la Mata Jardiners. Somos una cooperativa de florister\u00eda situada en la calle Argentona 20 de Matar\u00f3.\",\"breadcrumb\":{\"@id\":\"https:\/\/lamatajardiners.cat\/es\/arte-floral\/#breadcrumb\"},\"inLanguage\":\"es\",\"potentialAction\":[{\"@type\":\"ReadAction\",\"target\":[\"https:\/\/lamatajardiners.cat\/es\/arte-floral\/\"]}]},{\"@type\":\"BreadcrumbList\",\"@id\":\"https:\/\/lamatajardiners.cat\/es\/arte-floral\/#breadcrumb\",\"itemListElement\":[{\"@type\":\"ListItem\",\"position\":1,\"name\":\"Inici\",\"item\":\"https:\/\/lamatajardiners.cat\/es\/\"},{\"@type\":\"ListItem\",\"position\":2,\"name\":\"Arte floral\"}]},{\"@type\":\"WebSite\",\"@id\":\"https:\/\/lamatajardiners.cat\/es\/#website\",\"url\":\"https:\/\/lamatajardiners.cat\/es\/\",\"name\":\"La Mata Jardiners\",\"description\":\"\",\"publisher\":{\"@id\":\"https:\/\/lamatajardiners.cat\/es\/#organization\"},\"potentialAction\":[{\"@type\":\"SearchAction\",\"target\":{\"@type\":\"EntryPoint\",\"urlTemplate\":\"https:\/\/lamatajardiners.cat\/es\/?s={search_term_string}\"},\"query-input\":\"required name=search_term_string\"}],\"inLanguage\":\"es\"},{\"@type\":\"Organization\",\"@id\":\"https:\/\/lamatajardiners.cat\/es\/#organization\",\"name\":\"La Mata Jardiners\",\"url\":\"https:\/\/lamatajardiners.cat\/es\/\",\"logo\":{\"@type\":\"ImageObject\",\"inLanguage\":\"es\",\"@id\":\"https:\/\/lamatajardiners.cat\/es\/#\/schema\/logo\/image\/\",\"url\":\"https:\/\/lamatajardiners.cat\/wp-content\/uploads\/2022\/06\/logogreen.png\",\"contentUrl\":\"https:\/\/lamatajardiners.cat\/wp-content\/uploads\/2022\/06\/logogreen.png\",\"width\":709,\"height\":166,\"caption\":\"La Mata Jardiners\"},\"image\":{\"@id\":\"https:\/\/lamatajardiners.cat\/es\/#\/schema\/logo\/image\/\"},\"sameAs\":[\"https:\/\/instagram.com\/floristeria_la_mata_jardiners\"]}]}<\/script>\n<!-- \/ Yoast SEO plugin. -->","yoast_head_json":{"title":"Arte floral - La Mata Jardiners","description":"Arte floral de la Mata Jardiners. Somos una cooperativa de florister\u00eda situada en la calle Argentona 20 de Matar\u00f3.","robots":{"index":"index","follow":"follow","max-snippet":"max-snippet:-1","max-image-preview":"max-image-preview:large","max-video-preview":"max-video-preview:-1"},"canonical":"https:\/\/lamatajardiners.cat\/es\/arte-floral\/","og_locale":"es_ES","og_type":"article","og_title":"Arte floral - La Mata Jardiners","og_description":"Arte floral de la Mata Jardiners. Somos una cooperativa de florister\u00eda situada en la calle Argentona 20 de Matar\u00f3.","og_url":"https:\/\/lamatajardiners.cat\/es\/arte-floral\/","og_site_name":"La Mata Jardiners","article_modified_time":"2023-04-25T10:28:39+00:00","og_image":[{"url":"https:\/\/lamatajardiners.cat\/wp-content\/uploads\/2022\/07\/composicions_florals.jpg"}],"twitter_card":"summary_large_image","twitter_misc":{"Tiempo de lectura":"2 minutos"},"schema":{"@context":"https:\/\/schema.org","@graph":[{"@type":"WebPage","@id":"https:\/\/lamatajardiners.cat\/es\/arte-floral\/","url":"https:\/\/lamatajardiners.cat\/es\/arte-floral\/","name":"Arte floral - La Mata Jardiners","isPartOf":{"@id":"https:\/\/lamatajardiners.cat\/es\/#website"},"datePublished":"2022-06-02T09:33:41+00:00","dateModified":"2023-04-25T10:28:39+00:00","description":"Arte floral de la Mata Jardiners. Somos una cooperativa de florister\u00eda situada en la calle Argentona 20 de Matar\u00f3.","breadcrumb":{"@id":"https:\/\/lamatajardiners.cat\/es\/arte-floral\/#breadcrumb"},"inLanguage":"es","potentialAction":[{"@type":"ReadAction","target":["https:\/\/lamatajardiners.cat\/es\/arte-floral\/"]}]},{"@type":"BreadcrumbList","@id":"https:\/\/lamatajardiners.cat\/es\/arte-floral\/#breadcrumb","itemListElement":[{"@type":"ListItem","position":1,"name":"Inici","item":"https:\/\/lamatajardiners.cat\/es\/"},{"@type":"ListItem","position":2,"name":"Arte floral"}]},{"@type":"WebSite","@id":"https:\/\/lamatajardiners.cat\/es\/#website","url":"https:\/\/lamatajardiners.cat\/es\/","name":"La Mata Jardiners","description":"","publisher":{"@id":"https:\/\/lamatajardiners.cat\/es\/#organization"},"potentialAction":[{"@type":"SearchAction","target":{"@type":"EntryPoint","urlTemplate":"https:\/\/lamatajardiners.cat\/es\/?s={search_term_string}"},"query-input":"required name=search_term_string"}],"inLanguage":"es"},{"@type":"Organization","@id":"https:\/\/lamatajardiners.cat\/es\/#organization","name":"La Mata Jardiners","url":"https:\/\/lamatajardiners.cat\/es\/","logo":{"@type":"ImageObject","inLanguage":"es","@id":"https:\/\/lamatajardiners.cat\/es\/#\/schema\/logo\/image\/","url":"https:\/\/lamatajardiners.cat\/wp-content\/uploads\/2022\/06\/logogreen.png","contentUrl":"https:\/\/lamatajardiners.cat\/wp-content\/uploads\/2022\/06\/logogreen.png","width":709,"height":166,"caption":"La Mata Jardiners"},"image":{"@id":"https:\/\/lamatajardiners.cat\/es\/#\/schema\/logo\/image\/"},"sameAs":["https:\/\/instagram.com\/floristeria_la_mata_jardiners"]}]}},"_links":{"self":[{"href":"https:\/\/lamatajardiners.cat\/es\/wp-json\/wp\/v2\/pages\/1869"}],"collection":[{"href":"https:\/\/lamatajardiners.cat\/es\/wp-json\/wp\/v2\/pages"}],"about":[{"href":"https:\/\/lamatajardiners.cat\/es\/wp-json\/wp\/v2\/types\/page"}],"author":[{"embeddable":true,"href":"https:\/\/lamatajardiners.cat\/es\/wp-json\/wp\/v2\/users\/1"}],"replies":[{"embeddable":true,"href":"https:\/\/lamatajardiners.cat\/es\/wp-json\/wp\/v2\/comments?post=1869"}],"version-history":[{"count":5,"href":"https:\/\/lamatajardiners.cat\/es\/wp-json\/wp\/v2\/pages\/1869\/revisions"}],"predecessor-version":[{"id":1979,"href":"https:\/\/lamatajardiners.cat\/es\/wp-json\/wp\/v2\/pages\/1869\/revisions\/1979"}],"wp:attachment":[{"href":"https:\/\/lamatajardiners.cat\/es\/wp-json\/wp\/v2\/media?parent=1869"}],"curies":[{"name":"wp","href":"https:\/\/api.w.org\/{rel}","templated":true}]}}