{"id":1829,"date":"2022-04-04T11:13:20","date_gmt":"2022-04-04T11:13:20","guid":{"rendered":"https:\/\/lamatajardiners.cat\/aviso-legal\/"},"modified":"2023-04-25T08:37:30","modified_gmt":"2023-04-25T08:37:30","slug":"aviso-legal","status":"publish","type":"page","link":"https:\/\/lamatajardiners.cat\/es\/aviso-legal\/","title":{"rendered":"Aviso legal"},"content":{"rendered":"\t\t<div data-elementor-type=\"wp-page\" data-elementor-id=\"1829\" class=\"elementor elementor-1829 elementor-166\" data-elementor-post-type=\"page\">\n\t\t\t\t\t\t\t\t\t<section class=\"elementor-section elementor-top-section elementor-element elementor-element-44b2440 elementor-section-boxed elementor-section-height-default elementor-section-height-default\" data-id=\"44b2440\" data-element_type=\"section\">\n\t\t\t\t\t\t<div class=\"elementor-container elementor-column-gap-default\">\n\t\t\t\t\t<div class=\"elementor-column elementor-col-100 elementor-top-column elementor-element elementor-element-525b802\" data-id=\"525b802\" data-element_type=\"column\">\n\t\t\t<div class=\"elementor-widget-wrap elementor-element-populated\">\n\t\t\t\t\t\t\t\t<div class=\"elementor-element elementor-element-3963036 elementor-widget elementor-widget-text-editor\" data-id=\"3963036\" data-element_type=\"widget\" data-widget_type=\"text-editor.default\">\n\t\t\t\t<div class=\"elementor-widget-container\">\n\t\t\t<style>\/*! elementor - v3.15.0 - 20-08-2023 *\/\n.elementor-widget-text-editor.elementor-drop-cap-view-stacked .elementor-drop-cap{background-color:#69727d;color:#fff}.elementor-widget-text-editor.elementor-drop-cap-view-framed .elementor-drop-cap{color:#69727d;border:3px solid;background-color:transparent}.elementor-widget-text-editor:not(.elementor-drop-cap-view-default) .elementor-drop-cap{margin-top:8px}.elementor-widget-text-editor:not(.elementor-drop-cap-view-default) .elementor-drop-cap-letter{width:1em;height:1em}.elementor-widget-text-editor .elementor-drop-cap{float:left;text-align:center;line-height:1;font-size:50px}.elementor-widget-text-editor .elementor-drop-cap-letter{display:inline-block}<\/style>\t\t\t\t<p>Condicions generals d&#8217;\u00fas de la p\u00e0gina web www.lamatajardiners.cat<\/p>\n<h2>Identificaci\u00f3 i activitat de la societat.<\/h2>\n<p>La Mata Jardiners, SCCL (en endavant \u00abLa Mata\u00bb), amb domicili social a C\/ Carme 6 08302 Matar\u00f3, F-60154010, inscrita al Registre Mercantil de Barcelona, \u00e9s una societat que t\u00e9 com a oferir serveis de jardineria, enginyeria i floristeria..<\/p>\n<h2>Responsabilitats d&#8217;\u00fas.<\/h2>\n<p>Totes dues parts s\u00f3n responsables de la veracitat de les dades que s&#8217;envi\u00efn i gestionin a trav\u00e9s del sistema. L&#8217;Usuari haur\u00e0 de disposar dels mitjans materials, sistemes, xarxes de comunicaci\u00f3, maquin\u00e0ria i equips necessaris pel correcte funcionament del sistema.<\/p>\n<p>L&#8217;Usuari i La Mata adoptaran totes les mesures de seguretat necess\u00e0ries de conformitat amb la tecnologia i situaci\u00f3 al mercat, amb la finalitat de no introduir qualsevol tipus de codi contaminant o de virus al sistema. Malgrat l&#8217;anterior, La Mata exclou qualsevol responsabilitat per danys i perjudicis en relaci\u00f3 amb:<\/p>\n<ol>\n<li>i) Falta de funcionament correcte de la p\u00e0gina web o dels serveis i promocions oferts a trav\u00e9s d&#8217;aquesta, aix\u00ed com falta d&#8217;adaptaci\u00f3 de la p\u00e0gina web a una finalitat concreta esperada pels Usuaris.<\/li>\n<\/ol>\n<ol>\n<li>ii) Pres\u00e8ncia de codis contaminants o virus o pres\u00e8ncia d&#8217;altres elements que poguessin produir alteracions al sistema inform\u00e0tic o als fitxers dels Usuaris.<\/li>\n<\/ol>\n<h2>Seguretat i confidencialitat. Pol\u00edtica de Protecci\u00f3 de Dades.<\/h2>\n<p>Les dades de car\u00e0cter personal proporcionades per vost\u00e8, i les que en qualsevol moment ens faciliti, seran tractades en els termes i condicions estipulats en la nostra Pol\u00edtica de Privacitat. La sola utilitzaci\u00f3 de la nostra p\u00e0gina web suposa la acceptaci\u00f3 de les presents Condicions Generals i de la Pol\u00edtica de Privacitat que s&#8217;inclou en aquesta.<\/p>\n<h2>Propietat Intel\u00b7lectual i\/o industrial.<\/h2>\n<p>Tota la informaci\u00f3 continguda en la p\u00e0gina web www.lamatajardiners.cat, com pugui ser, a t\u00edtol enunciatiu, el disseny gr\u00e0fic, les imatges, els codis de font, les marques, els r\u00e8tols d&#8217;establiment, els noms comercials, les denominacions, altres signes distintius o enlla\u00e7os a tercers, etc., estan subjectes a drets de propietat intel\u00b7lectual i industrial de La Mata o tercers.<\/p>\n<p>Sota cap sup\u00f2sit l&#8217;acc\u00e9s als serveis de La Mata suposa la ren\u00fancia, transmissi\u00f3, cessi\u00f3 o llic\u00e8ncia total o parcial d&#8217;aquets drets, ni confereix cap dret d&#8217;\u00fas, traducci\u00f3 adaptaci\u00f3, alteraci\u00f3, explotaci\u00f3, reproducci\u00f3, distribuci\u00f3 o comunicaci\u00f3 p\u00fablica de dits drets de propietat intel\u00b7lectual sense la pr\u00e8via i expressa autoritzaci\u00f3 de La Mata o del tercer titular dels drets afectats. Per tant, a t\u00edtol enunciatiu, que no limitatiu, l&#8217;Usuari no estar\u00e0 autoritzat a reproduir, descompilar, invertir, transformar, modificar ni actualitzar el sistema sense l&#8217;autoritzaci\u00f3 pr\u00e8via i per escrit de La Mata.<\/p>\n<p>En cap cas est\u00e0 autoritzada (i ser\u00e0 perseguida) la reproducci\u00f3 total o parcial de les dades i els continguts als que es tingui acc\u00e9s a trav\u00e9s de www.lamatajardiners.cat, si es van fer servir contravenint la legislaci\u00f3 vigent en mat\u00e8ria de propietat industrial o intel\u00b7lectual.<\/p>\n<p>No obstant l&#8217;anterior, queden deslliurats de perill els drets de l&#8217;Usuari previstos per les disposicions legals vigents, aix\u00ed com els drets de l&#8217;Usuari de visualitzar i obtenir una c\u00f2pia a la mem\u00f2ria cach\u00e9 del seu ordinador com a reproducci\u00f3 transit\u00f2ria i access\u00f2ria, sense que en cap cas estigui autoritzat a comunicar aquesta a tercers.<\/p>\n<h2>Pol\u00edtica de links.<\/h2>\n<p>La Mata no es far\u00e0 responsable dels danys i perjudicis derivats dels serveis i continguts que s&#8217;ofereixin a trav\u00e9s de les p\u00e0gines webs a les que els Usuaris puguin accedir a trav\u00e9s dels enlla\u00e7os que s&#8217;inclouen a la p\u00e0gina web www.lamatajardiners.cat.<\/p>\n<h2>Notificacions.<\/h2>\n<p>Qualsevol notificaci\u00f3 podr\u00e0 ser dirigida a La Mata a l&#8217;adre\u00e7a que figura a la cap\u00e7alera o mitjan\u00e7ant l&#8217;enviament d&#8217;un correu electr\u00f2nic a la seg\u00fcent adre\u00e7a: (lamata@lamatajardiners.cat)<\/p>\n<h2>Legislaci\u00f3 aplicable i jurisdicci\u00f3.<\/h2>\n<p>Les presents condicions queden subjectes a la normativa de dret com\u00fa espanyola. Els Usuaris se sotmeten expressament per qualsevol q\u00fcesti\u00f3, discrep\u00e0ncia, controv\u00e8rsia o reclamaci\u00f3 que es derivi de l&#8217;execuci\u00f3, interpretaci\u00f3 o acompliment de les obligacions establertes entre La Mata i els usuaris de la p\u00e0gina web www.lamatajardiners.cat, als Jutjats i Tribunals de Barcelona, amb ren\u00fancia expressa a qualsevol altra fur que per llei els hi pogu\u00e9s correspondre.<\/p>\n<h2>Consentiment del Usuari.<\/h2>\n<p>El sol acc\u00e9s a l&#8217;\u00fas de la p\u00e0gina web www.lamatajardiners.cat per part de l&#8217;Usuari suposa l&#8217;acceptaci\u00f3 de les presents Condicions Generals d&#8217;\u00das.<\/p>\n\t\t\t\t\t\t<\/div>\n\t\t\t\t<\/div>\n\t\t\t\t\t<\/div>\n\t\t<\/div>\n\t\t\t\t\t\t\t<\/div>\n\t\t<\/section>\n\t\t\t\t\t\t\t<\/div>\n\t\t","protected":false},"excerpt":{"rendered":"<p>Condicions generals d&#8217;\u00fas de la p\u00e0gina web www.lamatajardiners.cat Identificaci\u00f3 i activitat de la societat. La Mata Jardiners, SCCL (en endavant \u00abLa Mata\u00bb), amb domicili social a C\/ Carme 6 08302 Matar\u00f3, F-60154010, inscrita al Registre Mercantil de Barcelona, \u00e9s una societat que t\u00e9 com a oferir serveis de jardineria, enginyeria i floristeria.. Responsabilitats d&#8217;\u00fas. Totes [&hellip;]<\/p>\n","protected":false},"author":1,"featured_media":0,"parent":0,"menu_order":0,"comment_status":"closed","ping_status":"closed","template":"","meta":[],"yoast_head":"<!-- This site is optimized with the Yoast SEO plugin v20.13 - https:\/\/yoast.com\/wordpress\/plugins\/seo\/ -->\n<title>Aviso legal - La Mata Jardiners<\/title>\n<meta name=\"description\" content=\"Aviso legal del sitio web de La Mata Jardiners. Somos una florister\u00eda situada en la calle Argentona 20 de Matar\u00f3.\" \/>\n<meta name=\"robots\" content=\"index, follow, max-snippet:-1, max-image-preview:large, max-video-preview:-1\" \/>\n<link rel=\"canonical\" href=\"https:\/\/lamatajardiners.cat\/es\/aviso-legal\/\" \/>\n<meta property=\"og:locale\" content=\"es_ES\" \/>\n<meta property=\"og:type\" content=\"article\" \/>\n<meta property=\"og:title\" content=\"Aviso legal - La Mata Jardiners\" \/>\n<meta property=\"og:description\" content=\"Aviso legal del sitio web de La Mata Jardiners. Somos una florister\u00eda situada en la calle Argentona 20 de Matar\u00f3.\" \/>\n<meta property=\"og:url\" content=\"https:\/\/lamatajardiners.cat\/es\/aviso-legal\/\" \/>\n<meta property=\"og:site_name\" content=\"La Mata Jardiners\" \/>\n<meta property=\"article:modified_time\" content=\"2023-04-25T08:37:30+00:00\" \/>\n<meta name=\"twitter:card\" content=\"summary_large_image\" \/>\n<meta name=\"twitter:label1\" content=\"Tiempo de lectura\" \/>\n\t<meta name=\"twitter:data1\" content=\"4 minutos\" \/>\n<script type=\"application\/ld+json\" class=\"yoast-schema-graph\">{\"@context\":\"https:\/\/schema.org\",\"@graph\":[{\"@type\":\"WebPage\",\"@id\":\"https:\/\/lamatajardiners.cat\/es\/aviso-legal\/\",\"url\":\"https:\/\/lamatajardiners.cat\/es\/aviso-legal\/\",\"name\":\"Aviso legal - La Mata Jardiners\",\"isPartOf\":{\"@id\":\"https:\/\/lamatajardiners.cat\/es\/#website\"},\"datePublished\":\"2022-04-04T11:13:20+00:00\",\"dateModified\":\"2023-04-25T08:37:30+00:00\",\"description\":\"Aviso legal del sitio web de La Mata Jardiners. Somos una florister\u00eda situada en la calle Argentona 20 de Matar\u00f3.\",\"breadcrumb\":{\"@id\":\"https:\/\/lamatajardiners.cat\/es\/aviso-legal\/#breadcrumb\"},\"inLanguage\":\"es\",\"potentialAction\":[{\"@type\":\"ReadAction\",\"target\":[\"https:\/\/lamatajardiners.cat\/es\/aviso-legal\/\"]}]},{\"@type\":\"BreadcrumbList\",\"@id\":\"https:\/\/lamatajardiners.cat\/es\/aviso-legal\/#breadcrumb\",\"itemListElement\":[{\"@type\":\"ListItem\",\"position\":1,\"name\":\"Inici\",\"item\":\"https:\/\/lamatajardiners.cat\/es\/\"},{\"@type\":\"ListItem\",\"position\":2,\"name\":\"Aviso legal\"}]},{\"@type\":\"WebSite\",\"@id\":\"https:\/\/lamatajardiners.cat\/es\/#website\",\"url\":\"https:\/\/lamatajardiners.cat\/es\/\",\"name\":\"La Mata Jardiners\",\"description\":\"\",\"publisher\":{\"@id\":\"https:\/\/lamatajardiners.cat\/es\/#organization\"},\"potentialAction\":[{\"@type\":\"SearchAction\",\"target\":{\"@type\":\"EntryPoint\",\"urlTemplate\":\"https:\/\/lamatajardiners.cat\/es\/?s={search_term_string}\"},\"query-input\":\"required name=search_term_string\"}],\"inLanguage\":\"es\"},{\"@type\":\"Organization\",\"@id\":\"https:\/\/lamatajardiners.cat\/es\/#organization\",\"name\":\"La Mata Jardiners\",\"url\":\"https:\/\/lamatajardiners.cat\/es\/\",\"logo\":{\"@type\":\"ImageObject\",\"inLanguage\":\"es\",\"@id\":\"https:\/\/lamatajardiners.cat\/es\/#\/schema\/logo\/image\/\",\"url\":\"https:\/\/lamatajardiners.cat\/wp-content\/uploads\/2022\/06\/logogreen.png\",\"contentUrl\":\"https:\/\/lamatajardiners.cat\/wp-content\/uploads\/2022\/06\/logogreen.png\",\"width\":709,\"height\":166,\"caption\":\"La Mata Jardiners\"},\"image\":{\"@id\":\"https:\/\/lamatajardiners.cat\/es\/#\/schema\/logo\/image\/\"},\"sameAs\":[\"https:\/\/instagram.com\/floristeria_la_mata_jardiners\"]}]}<\/script>\n<!-- \/ Yoast SEO plugin. -->","yoast_head_json":{"title":"Aviso legal - La Mata Jardiners","description":"Aviso legal del sitio web de La Mata Jardiners. Somos una florister\u00eda situada en la calle Argentona 20 de Matar\u00f3.","robots":{"index":"index","follow":"follow","max-snippet":"max-snippet:-1","max-image-preview":"max-image-preview:large","max-video-preview":"max-video-preview:-1"},"canonical":"https:\/\/lamatajardiners.cat\/es\/aviso-legal\/","og_locale":"es_ES","og_type":"article","og_title":"Aviso legal - La Mata Jardiners","og_description":"Aviso legal del sitio web de La Mata Jardiners. Somos una florister\u00eda situada en la calle Argentona 20 de Matar\u00f3.","og_url":"https:\/\/lamatajardiners.cat\/es\/aviso-legal\/","og_site_name":"La Mata Jardiners","article_modified_time":"2023-04-25T08:37:30+00:00","twitter_card":"summary_large_image","twitter_misc":{"Tiempo de lectura":"4 minutos"},"schema":{"@context":"https:\/\/schema.org","@graph":[{"@type":"WebPage","@id":"https:\/\/lamatajardiners.cat\/es\/aviso-legal\/","url":"https:\/\/lamatajardiners.cat\/es\/aviso-legal\/","name":"Aviso legal - La Mata Jardiners","isPartOf":{"@id":"https:\/\/lamatajardiners.cat\/es\/#website"},"datePublished":"2022-04-04T11:13:20+00:00","dateModified":"2023-04-25T08:37:30+00:00","description":"Aviso legal del sitio web de La Mata Jardiners. Somos una florister\u00eda situada en la calle Argentona 20 de Matar\u00f3.","breadcrumb":{"@id":"https:\/\/lamatajardiners.cat\/es\/aviso-legal\/#breadcrumb"},"inLanguage":"es","potentialAction":[{"@type":"ReadAction","target":["https:\/\/lamatajardiners.cat\/es\/aviso-legal\/"]}]},{"@type":"BreadcrumbList","@id":"https:\/\/lamatajardiners.cat\/es\/aviso-legal\/#breadcrumb","itemListElement":[{"@type":"ListItem","position":1,"name":"Inici","item":"https:\/\/lamatajardiners.cat\/es\/"},{"@type":"ListItem","position":2,"name":"Aviso legal"}]},{"@type":"WebSite","@id":"https:\/\/lamatajardiners.cat\/es\/#website","url":"https:\/\/lamatajardiners.cat\/es\/","name":"La Mata Jardiners","description":"","publisher":{"@id":"https:\/\/lamatajardiners.cat\/es\/#organization"},"potentialAction":[{"@type":"SearchAction","target":{"@type":"EntryPoint","urlTemplate":"https:\/\/lamatajardiners.cat\/es\/?s={search_term_string}"},"query-input":"required name=search_term_string"}],"inLanguage":"es"},{"@type":"Organization","@id":"https:\/\/lamatajardiners.cat\/es\/#organization","name":"La Mata Jardiners","url":"https:\/\/lamatajardiners.cat\/es\/","logo":{"@type":"ImageObject","inLanguage":"es","@id":"https:\/\/lamatajardiners.cat\/es\/#\/schema\/logo\/image\/","url":"https:\/\/lamatajardiners.cat\/wp-content\/uploads\/2022\/06\/logogreen.png","contentUrl":"https:\/\/lamatajardiners.cat\/wp-content\/uploads\/2022\/06\/logogreen.png","width":709,"height":166,"caption":"La Mata Jardiners"},"image":{"@id":"https:\/\/lamatajardiners.cat\/es\/#\/schema\/logo\/image\/"},"sameAs":["https:\/\/instagram.com\/floristeria_la_mata_jardiners"]}]}},"_links":{"self":[{"href":"https:\/\/lamatajardiners.cat\/es\/wp-json\/wp\/v2\/pages\/1829"}],"collection":[{"href":"https:\/\/lamatajardiners.cat\/es\/wp-json\/wp\/v2\/pages"}],"about":[{"href":"https:\/\/lamatajardiners.cat\/es\/wp-json\/wp\/v2\/types\/page"}],"author":[{"embeddable":true,"href":"https:\/\/lamatajardiners.cat\/es\/wp-json\/wp\/v2\/users\/1"}],"replies":[{"embeddable":true,"href":"https:\/\/lamatajardiners.cat\/es\/wp-json\/wp\/v2\/comments?post=1829"}],"version-history":[{"count":1,"href":"https:\/\/lamatajardiners.cat\/es\/wp-json\/wp\/v2\/pages\/1829\/revisions"}],"predecessor-version":[{"id":1830,"href":"https:\/\/lamatajardiners.cat\/es\/wp-json\/wp\/v2\/pages\/1829\/revisions\/1830"}],"wp:attachment":[{"href":"https:\/\/lamatajardiners.cat\/es\/wp-json\/wp\/v2\/media?parent=1829"}],"curies":[{"name":"wp","href":"https:\/\/api.w.org\/{rel}","templated":true}]}}