{"id":1818,"date":"2023-04-24T10:40:43","date_gmt":"2023-04-24T10:40:43","guid":{"rendered":"https:\/\/lamatajardiners.cat\/accesibilidad\/"},"modified":"2023-04-25T08:37:30","modified_gmt":"2023-04-25T08:37:30","slug":"accesibilidad","status":"publish","type":"page","link":"https:\/\/lamatajardiners.cat\/es\/accesibilidad\/","title":{"rendered":"Accesibilidad"},"content":{"rendered":"\t\t<div data-elementor-type=\"wp-page\" data-elementor-id=\"1818\" class=\"elementor elementor-1818 elementor-1811\" data-elementor-post-type=\"page\">\n\t\t\t\t\t\t\t\t\t<section class=\"elementor-section elementor-top-section elementor-element elementor-element-44b2440 elementor-section-boxed elementor-section-height-default elementor-section-height-default\" data-id=\"44b2440\" data-element_type=\"section\">\n\t\t\t\t\t\t<div class=\"elementor-container elementor-column-gap-default\">\n\t\t\t\t\t<div class=\"elementor-column elementor-col-100 elementor-top-column elementor-element elementor-element-525b802\" data-id=\"525b802\" data-element_type=\"column\">\n\t\t\t<div class=\"elementor-widget-wrap elementor-element-populated\">\n\t\t\t\t\t\t\t\t<div class=\"elementor-element elementor-element-3963036 elementor-widget elementor-widget-text-editor\" data-id=\"3963036\" data-element_type=\"widget\" data-widget_type=\"text-editor.default\">\n\t\t\t\t<div class=\"elementor-widget-container\">\n\t\t\t<style>\/*! elementor - v3.15.0 - 20-08-2023 *\/\n.elementor-widget-text-editor.elementor-drop-cap-view-stacked .elementor-drop-cap{background-color:#69727d;color:#fff}.elementor-widget-text-editor.elementor-drop-cap-view-framed .elementor-drop-cap{color:#69727d;border:3px solid;background-color:transparent}.elementor-widget-text-editor:not(.elementor-drop-cap-view-default) .elementor-drop-cap{margin-top:8px}.elementor-widget-text-editor:not(.elementor-drop-cap-view-default) .elementor-drop-cap-letter{width:1em;height:1em}.elementor-widget-text-editor .elementor-drop-cap{float:left;text-align:center;line-height:1;font-size:50px}.elementor-widget-text-editor .elementor-drop-cap-letter{display:inline-block}<\/style>\t\t\t\t<p>Queremos que todo el mundo que visite la web de La Mata Jardiners se sienta bienvenido y encuentre la experiencia gratificante.<\/p>\n<p>\u00bfQu\u00e9 estamos haciendo?<br \/>Para ayudarnos a hacer de la web de La Mata Jardiners un sitio positivo para todos, hemos estado utilizando las Directrices de accesibilidad al contenido web (WCAG) 2.1. Estas directrices explican c\u00f3mo hacer que el contenido web sea m\u00e1s accesible para personas con discapacidad y f\u00e1cil de utilizar para todos.<\/p>\n<p>Las directrices tienen tres niveles de accesibilidad (A, AA y AAA). Hemos escogido el nivel AA como objetivo de la web de La Mata Jardiners.<\/p>\n<p>\u00bfC\u00f3mo lo hacemos?<br \/>Hemos trabajado mucho en la web de La Mata Jardiners y creemos que hemos alcanzado nuestro objetivo de accesibilidad de nivel AA. Supervisamos el sitio web peri\u00f3dicamente para mantenerlo, pero si encuentra alg\u00fan problema, p\u00f3ngase en contacto-<\/p>\n<p>H\u00e1ganos saber qu\u00e9 le parece<br \/>Si le ha gustado utilizar la web de La Mata Jardiners, o si ha tenido problemas con alguna parte de ella, p\u00f3ngase en contacto. Nos gustar\u00eda recibir noticias suyas de cualquiera de las siguientes formas:<\/p>\n<p>env\u00edanos un correo electr\u00f3nico a info@lamatajardiners.cat<br \/>ll\u00e1manos al 937578227<br \/>ponte en contacto en https:\/\/www.lamatajardiners.cat\/contacto<\/p>\n\t\t\t\t\t\t<\/div>\n\t\t\t\t<\/div>\n\t\t\t\t\t<\/div>\n\t\t<\/div>\n\t\t\t\t\t\t\t<\/div>\n\t\t<\/section>\n\t\t\t\t\t\t\t<\/div>\n\t\t","protected":false},"excerpt":{"rendered":"<p>Queremos que todo el mundo que visite la web de La Mata Jardiners se sienta bienvenido y encuentre la experiencia gratificante. \u00bfQu\u00e9 estamos haciendo?Para ayudarnos a hacer de la web de La Mata Jardiners un sitio positivo para todos, hemos estado utilizando las Directrices de accesibilidad al contenido web (WCAG) 2.1. Estas directrices explican c\u00f3mo [&hellip;]<\/p>\n","protected":false},"author":1,"featured_media":0,"parent":0,"menu_order":0,"comment_status":"closed","ping_status":"closed","template":"","meta":[],"yoast_head":"<!-- This site is optimized with the Yoast SEO plugin v20.13 - https:\/\/yoast.com\/wordpress\/plugins\/seo\/ -->\n<title>Accesibilidad - La Mata Jardiners<\/title>\n<meta name=\"description\" content=\"Accesibilidad del sitio web La Mata Jardiners. Somos una florister\u00eda situada en la calle Argentona 20 de Matar\u00f3.\" \/>\n<meta name=\"robots\" content=\"index, follow, max-snippet:-1, max-image-preview:large, max-video-preview:-1\" \/>\n<link rel=\"canonical\" href=\"https:\/\/lamatajardiners.cat\/es\/accesibilidad\/\" \/>\n<meta property=\"og:locale\" content=\"es_ES\" \/>\n<meta property=\"og:type\" content=\"article\" \/>\n<meta property=\"og:title\" content=\"Accesibilidad - La Mata Jardiners\" \/>\n<meta property=\"og:description\" content=\"Accesibilidad del sitio web La Mata Jardiners. Somos una florister\u00eda situada en la calle Argentona 20 de Matar\u00f3.\" \/>\n<meta property=\"og:url\" content=\"https:\/\/lamatajardiners.cat\/es\/accesibilidad\/\" \/>\n<meta property=\"og:site_name\" content=\"La Mata Jardiners\" \/>\n<meta property=\"article:modified_time\" content=\"2023-04-25T08:37:30+00:00\" \/>\n<meta name=\"twitter:card\" content=\"summary_large_image\" \/>\n<meta name=\"twitter:label1\" content=\"Tiempo de lectura\" \/>\n\t<meta name=\"twitter:data1\" content=\"1 minuto\" \/>\n<script type=\"application\/ld+json\" class=\"yoast-schema-graph\">{\"@context\":\"https:\/\/schema.org\",\"@graph\":[{\"@type\":\"WebPage\",\"@id\":\"https:\/\/lamatajardiners.cat\/es\/accesibilidad\/\",\"url\":\"https:\/\/lamatajardiners.cat\/es\/accesibilidad\/\",\"name\":\"Accesibilidad - La Mata Jardiners\",\"isPartOf\":{\"@id\":\"https:\/\/lamatajardiners.cat\/es\/#website\"},\"datePublished\":\"2023-04-24T10:40:43+00:00\",\"dateModified\":\"2023-04-25T08:37:30+00:00\",\"description\":\"Accesibilidad del sitio web La Mata Jardiners. Somos una florister\u00eda situada en la calle Argentona 20 de Matar\u00f3.\",\"breadcrumb\":{\"@id\":\"https:\/\/lamatajardiners.cat\/es\/accesibilidad\/#breadcrumb\"},\"inLanguage\":\"es\",\"potentialAction\":[{\"@type\":\"ReadAction\",\"target\":[\"https:\/\/lamatajardiners.cat\/es\/accesibilidad\/\"]}]},{\"@type\":\"BreadcrumbList\",\"@id\":\"https:\/\/lamatajardiners.cat\/es\/accesibilidad\/#breadcrumb\",\"itemListElement\":[{\"@type\":\"ListItem\",\"position\":1,\"name\":\"Inici\",\"item\":\"https:\/\/lamatajardiners.cat\/es\/\"},{\"@type\":\"ListItem\",\"position\":2,\"name\":\"Accesibilidad\"}]},{\"@type\":\"WebSite\",\"@id\":\"https:\/\/lamatajardiners.cat\/es\/#website\",\"url\":\"https:\/\/lamatajardiners.cat\/es\/\",\"name\":\"La Mata Jardiners\",\"description\":\"\",\"publisher\":{\"@id\":\"https:\/\/lamatajardiners.cat\/es\/#organization\"},\"potentialAction\":[{\"@type\":\"SearchAction\",\"target\":{\"@type\":\"EntryPoint\",\"urlTemplate\":\"https:\/\/lamatajardiners.cat\/es\/?s={search_term_string}\"},\"query-input\":\"required name=search_term_string\"}],\"inLanguage\":\"es\"},{\"@type\":\"Organization\",\"@id\":\"https:\/\/lamatajardiners.cat\/es\/#organization\",\"name\":\"La Mata Jardiners\",\"url\":\"https:\/\/lamatajardiners.cat\/es\/\",\"logo\":{\"@type\":\"ImageObject\",\"inLanguage\":\"es\",\"@id\":\"https:\/\/lamatajardiners.cat\/es\/#\/schema\/logo\/image\/\",\"url\":\"https:\/\/lamatajardiners.cat\/wp-content\/uploads\/2022\/06\/logogreen.png\",\"contentUrl\":\"https:\/\/lamatajardiners.cat\/wp-content\/uploads\/2022\/06\/logogreen.png\",\"width\":709,\"height\":166,\"caption\":\"La Mata Jardiners\"},\"image\":{\"@id\":\"https:\/\/lamatajardiners.cat\/es\/#\/schema\/logo\/image\/\"},\"sameAs\":[\"https:\/\/instagram.com\/floristeria_la_mata_jardiners\"]}]}<\/script>\n<!-- \/ Yoast SEO plugin. -->","yoast_head_json":{"title":"Accesibilidad - La Mata Jardiners","description":"Accesibilidad del sitio web La Mata Jardiners. Somos una florister\u00eda situada en la calle Argentona 20 de Matar\u00f3.","robots":{"index":"index","follow":"follow","max-snippet":"max-snippet:-1","max-image-preview":"max-image-preview:large","max-video-preview":"max-video-preview:-1"},"canonical":"https:\/\/lamatajardiners.cat\/es\/accesibilidad\/","og_locale":"es_ES","og_type":"article","og_title":"Accesibilidad - La Mata Jardiners","og_description":"Accesibilidad del sitio web La Mata Jardiners. Somos una florister\u00eda situada en la calle Argentona 20 de Matar\u00f3.","og_url":"https:\/\/lamatajardiners.cat\/es\/accesibilidad\/","og_site_name":"La Mata Jardiners","article_modified_time":"2023-04-25T08:37:30+00:00","twitter_card":"summary_large_image","twitter_misc":{"Tiempo de lectura":"1 minuto"},"schema":{"@context":"https:\/\/schema.org","@graph":[{"@type":"WebPage","@id":"https:\/\/lamatajardiners.cat\/es\/accesibilidad\/","url":"https:\/\/lamatajardiners.cat\/es\/accesibilidad\/","name":"Accesibilidad - La Mata Jardiners","isPartOf":{"@id":"https:\/\/lamatajardiners.cat\/es\/#website"},"datePublished":"2023-04-24T10:40:43+00:00","dateModified":"2023-04-25T08:37:30+00:00","description":"Accesibilidad del sitio web La Mata Jardiners. Somos una florister\u00eda situada en la calle Argentona 20 de Matar\u00f3.","breadcrumb":{"@id":"https:\/\/lamatajardiners.cat\/es\/accesibilidad\/#breadcrumb"},"inLanguage":"es","potentialAction":[{"@type":"ReadAction","target":["https:\/\/lamatajardiners.cat\/es\/accesibilidad\/"]}]},{"@type":"BreadcrumbList","@id":"https:\/\/lamatajardiners.cat\/es\/accesibilidad\/#breadcrumb","itemListElement":[{"@type":"ListItem","position":1,"name":"Inici","item":"https:\/\/lamatajardiners.cat\/es\/"},{"@type":"ListItem","position":2,"name":"Accesibilidad"}]},{"@type":"WebSite","@id":"https:\/\/lamatajardiners.cat\/es\/#website","url":"https:\/\/lamatajardiners.cat\/es\/","name":"La Mata Jardiners","description":"","publisher":{"@id":"https:\/\/lamatajardiners.cat\/es\/#organization"},"potentialAction":[{"@type":"SearchAction","target":{"@type":"EntryPoint","urlTemplate":"https:\/\/lamatajardiners.cat\/es\/?s={search_term_string}"},"query-input":"required name=search_term_string"}],"inLanguage":"es"},{"@type":"Organization","@id":"https:\/\/lamatajardiners.cat\/es\/#organization","name":"La Mata Jardiners","url":"https:\/\/lamatajardiners.cat\/es\/","logo":{"@type":"ImageObject","inLanguage":"es","@id":"https:\/\/lamatajardiners.cat\/es\/#\/schema\/logo\/image\/","url":"https:\/\/lamatajardiners.cat\/wp-content\/uploads\/2022\/06\/logogreen.png","contentUrl":"https:\/\/lamatajardiners.cat\/wp-content\/uploads\/2022\/06\/logogreen.png","width":709,"height":166,"caption":"La Mata Jardiners"},"image":{"@id":"https:\/\/lamatajardiners.cat\/es\/#\/schema\/logo\/image\/"},"sameAs":["https:\/\/instagram.com\/floristeria_la_mata_jardiners"]}]}},"_links":{"self":[{"href":"https:\/\/lamatajardiners.cat\/es\/wp-json\/wp\/v2\/pages\/1818"}],"collection":[{"href":"https:\/\/lamatajardiners.cat\/es\/wp-json\/wp\/v2\/pages"}],"about":[{"href":"https:\/\/lamatajardiners.cat\/es\/wp-json\/wp\/v2\/types\/page"}],"author":[{"embeddable":true,"href":"https:\/\/lamatajardiners.cat\/es\/wp-json\/wp\/v2\/users\/1"}],"replies":[{"embeddable":true,"href":"https:\/\/lamatajardiners.cat\/es\/wp-json\/wp\/v2\/comments?post=1818"}],"version-history":[{"count":3,"href":"https:\/\/lamatajardiners.cat\/es\/wp-json\/wp\/v2\/pages\/1818\/revisions"}],"predecessor-version":[{"id":1821,"href":"https:\/\/lamatajardiners.cat\/es\/wp-json\/wp\/v2\/pages\/1818\/revisions\/1821"}],"wp:attachment":[{"href":"https:\/\/lamatajardiners.cat\/es\/wp-json\/wp\/v2\/media?parent=1818"}],"curies":[{"name":"wp","href":"https:\/\/api.w.org\/{rel}","templated":true}]}}